{"id":353,"date":"2023-11-07T15:45:15","date_gmt":"2023-11-07T14:45:15","guid":{"rendered":"https:\/\/abf-avocats.fr\/?page_id=353"},"modified":"2023-11-07T15:45:16","modified_gmt":"2023-11-07T14:45:16","slug":"yanick-louis-hodebar","status":"publish","type":"page","link":"https:\/\/abf-avocats.fr\/index.php\/yanick-louis-hodebar\/","title":{"rendered":"Yanick LOUIS-HODEBAR"},"content":{"rendered":"\n<div class=\"wp-block-media-text has-media-on-the-right is-stacked-on-mobile\"><div class=\"wp-block-media-text__content\">\n<p>J\u2019exerce au barreau de la Guadeloupe, Saint-Martin et Saint-Barth\u00e9lemy depuis presque 30 ans et mon implication au service de l\u2019ordre est incontestable.<\/p>\n\n\n\n<p>\u00c9lue au CNB, j\u2019ai toujours mis en exergue la complexit\u00e9 de l\u2019exercice de la profession dans ces territoires \u00e9loign\u00e9s et parfois si souvent oubli\u00e9s.<\/p>\n\n\n\n<p>Je suis fi\u00e8re d\u2019appartenir \u00e0 l\u2019ABF, syndicat \u00e0 la fois moderne et attach\u00e9 aux valeurs inh\u00e9rentes \u00e0 notre profession, et surtout seul syndicat laissant une place de choix aux barreaux d\u2019outre-mer.<\/p>\n<\/div><figure class=\"wp-block-media-text__media\"><img loading=\"lazy\" decoding=\"async\" width=\"819\" height=\"1024\" src=\"https:\/\/abf-avocats.fr\/wp-content\/uploads\/2023\/11\/5-819x1024.png\" alt=\"\" class=\"wp-image-325 size-full\" srcset=\"https:\/\/abf-avocats.fr\/wp-content\/uploads\/2023\/11\/5-819x1024.png 819w, https:\/\/abf-avocats.fr\/wp-content\/uploads\/2023\/11\/5-240x300.png 240w, https:\/\/abf-avocats.fr\/wp-content\/uploads\/2023\/11\/5-768x960.png 768w, https:\/\/abf-avocats.fr\/wp-content\/uploads\/2023\/11\/5.png 1080w\" sizes=\"auto, (max-width: 819px) 100vw, 819px\" \/><\/figure><\/div>\n","protected":false},"excerpt":{"rendered":"<p>J\u2019exerce au barreau de la Guadeloupe, Saint-Martin et Saint-Barth\u00e9lemy depuis presque 30 ans et mon implication au service de l\u2019ordre est incontestable. \u00c9lue au CNB, j\u2019ai toujours mis en exergue la complexit\u00e9 de l\u2019exercice de<a class=\"moretag\" href=\"https:\/\/abf-avocats.fr\/index.php\/yanick-louis-hodebar\/\"> Read more&hellip;<\/a><\/p>\n","protected":false},"author":3,"featured_media":0,"parent":0,"menu_order":0,"comment_status":"closed","ping_status":"closed","template":"","meta":{"_monsterinsights_skip_tracking":false,"_monsterinsights_sitenote_active":false,"_monsterinsights_sitenote_note":"","_monsterinsights_sitenote_category":0,"footnotes":""},"class_list":["post-353","page","type-page","status-publish","hentry"],"_links":{"self":[{"href":"https:\/\/abf-avocats.fr\/index.php\/wp-json\/wp\/v2\/pages\/353","targetHints":{"allow":["GET"]}}],"collection":[{"href":"https:\/\/abf-avocats.fr\/index.php\/wp-json\/wp\/v2\/pages"}],"about":[{"href":"https:\/\/abf-avocats.fr\/index.php\/wp-json\/wp\/v2\/types\/page"}],"author":[{"embeddable":true,"href":"https:\/\/abf-avocats.fr\/index.php\/wp-json\/wp\/v2\/users\/3"}],"replies":[{"embeddable":true,"href":"https:\/\/abf-avocats.fr\/index.php\/wp-json\/wp\/v2\/comments?post=353"}],"version-history":[{"count":1,"href":"https:\/\/abf-avocats.fr\/index.php\/wp-json\/wp\/v2\/pages\/353\/revisions"}],"predecessor-version":[{"id":355,"href":"https:\/\/abf-avocats.fr\/index.php\/wp-json\/wp\/v2\/pages\/353\/revisions\/355"}],"wp:attachment":[{"href":"https:\/\/abf-avocats.fr\/index.php\/wp-json\/wp\/v2\/media?parent=353"}],"curies":[{"name":"wp","href":"https:\/\/api.w.org\/{rel}","templated":true}]}}