{"id":442,"date":"2023-11-08T10:20:31","date_gmt":"2023-11-08T09:20:31","guid":{"rendered":"https:\/\/abf-avocats.fr\/?page_id=442"},"modified":"2023-11-08T10:20:33","modified_gmt":"2023-11-08T09:20:33","slug":"isabelle-etesse","status":"publish","type":"page","link":"https:\/\/abf-avocats.fr\/index.php\/isabelle-etesse\/","title":{"rendered":"Isabelle ETESSE"},"content":{"rendered":"\n<div class=\"wp-block-media-text is-stacked-on-mobile\"><figure class=\"wp-block-media-text__media\"><img loading=\"lazy\" decoding=\"async\" width=\"819\" height=\"1024\" src=\"https:\/\/abf-avocats.fr\/wp-content\/uploads\/2023\/11\/19-2-819x1024.png\" alt=\"\" class=\"wp-image-427 size-full\" srcset=\"https:\/\/abf-avocats.fr\/wp-content\/uploads\/2023\/11\/19-2-819x1024.png 819w, https:\/\/abf-avocats.fr\/wp-content\/uploads\/2023\/11\/19-2-240x300.png 240w, https:\/\/abf-avocats.fr\/wp-content\/uploads\/2023\/11\/19-2-768x960.png 768w, https:\/\/abf-avocats.fr\/wp-content\/uploads\/2023\/11\/19-2.png 1080w\" sizes=\"auto, (max-width: 819px) 100vw, 819px\" \/><\/figure><div class=\"wp-block-media-text__content\">\n<p>Inscrite au Barreau de Pau depuis plus de 30 ans, j&rsquo;ai embrass\u00e9 la profession d&rsquo;avocat avec passion et fiert\u00e9. D\u00e8s mes d\u00e9buts, j&rsquo;ai \u00e9t\u00e9 impr\u00e9gn\u00e9e par les valeurs de notre serment, ce qui m&rsquo;a pouss\u00e9e \u00e0 vivre la profession de l&rsquo;int\u00e9rieur en m&rsquo;investissant au sein de l&rsquo;Ordre, puis en tant que vice-b\u00e2tonnier.<\/p>\n\n\n\n<p>Aujourd&rsquo;hui, je suis membre de l&rsquo;ABF, un syndicat pluriel sur le plan territorial, mais uni dans la d\u00e9fense de notre m\u00e9tier.<\/p>\n<\/div><\/div>\n","protected":false},"excerpt":{"rendered":"<p>Inscrite au Barreau de Pau depuis plus de 30 ans, j&rsquo;ai embrass\u00e9 la profession d&rsquo;avocat avec passion et fiert\u00e9. D\u00e8s mes d\u00e9buts, j&rsquo;ai \u00e9t\u00e9 impr\u00e9gn\u00e9e par les valeurs de notre serment, ce qui m&rsquo;a pouss\u00e9e<a class=\"moretag\" href=\"https:\/\/abf-avocats.fr\/index.php\/isabelle-etesse\/\"> Read more&hellip;<\/a><\/p>\n","protected":false},"author":3,"featured_media":0,"parent":0,"menu_order":0,"comment_status":"closed","ping_status":"closed","template":"","meta":{"_monsterinsights_skip_tracking":false,"_monsterinsights_sitenote_active":false,"_monsterinsights_sitenote_note":"","_monsterinsights_sitenote_category":0,"footnotes":""},"class_list":["post-442","page","type-page","status-publish","hentry"],"_links":{"self":[{"href":"https:\/\/abf-avocats.fr\/index.php\/wp-json\/wp\/v2\/pages\/442","targetHints":{"allow":["GET"]}}],"collection":[{"href":"https:\/\/abf-avocats.fr\/index.php\/wp-json\/wp\/v2\/pages"}],"about":[{"href":"https:\/\/abf-avocats.fr\/index.php\/wp-json\/wp\/v2\/types\/page"}],"author":[{"embeddable":true,"href":"https:\/\/abf-avocats.fr\/index.php\/wp-json\/wp\/v2\/users\/3"}],"replies":[{"embeddable":true,"href":"https:\/\/abf-avocats.fr\/index.php\/wp-json\/wp\/v2\/comments?post=442"}],"version-history":[{"count":1,"href":"https:\/\/abf-avocats.fr\/index.php\/wp-json\/wp\/v2\/pages\/442\/revisions"}],"predecessor-version":[{"id":443,"href":"https:\/\/abf-avocats.fr\/index.php\/wp-json\/wp\/v2\/pages\/442\/revisions\/443"}],"wp:attachment":[{"href":"https:\/\/abf-avocats.fr\/index.php\/wp-json\/wp\/v2\/media?parent=442"}],"curies":[{"name":"wp","href":"https:\/\/api.w.org\/{rel}","templated":true}]}}